{"id":355,"date":"2019-09-17T09:42:22","date_gmt":"2019-09-17T09:42:22","guid":{"rendered":"https:\/\/new.kategorimagazaciligi.org\/?page_id=355"},"modified":"2021-04-21T12:54:12","modified_gmt":"2021-04-21T12:54:12","slug":"uyelik-islemleri","status":"publish","type":"page","link":"https:\/\/www.zincirmagazalar.org\/?page_id=355","title":{"rendered":"\u00dcyelik \u0130\u015flemleri"},"content":{"rendered":"\t\t<div data-elementor-type=\"wp-page\" data-elementor-id=\"355\" class=\"elementor elementor-355\">\n\t\t\t\t\t\t<section class=\"elementor-section elementor-top-section elementor-element elementor-element-26cab38 elementor-section-boxed elementor-section-height-default elementor-section-height-default\" data-id=\"26cab38\" data-element_type=\"section\">\n\t\t\t\t\t\t<div class=\"elementor-container elementor-column-gap-default\">\n\t\t\t\t\t<div class=\"elementor-column elementor-col-100 elementor-top-column elementor-element elementor-element-501d350\" data-id=\"501d350\" data-element_type=\"column\">\n\t\t\t<div class=\"elementor-widget-wrap\">\n\t\t\t\t\t\t\t<\/div>\n\t\t<\/div>\n\t\t\t\t\t<\/div>\n\t\t<\/section>\n\t\t\t\t<section class=\"elementor-section elementor-top-section elementor-element elementor-element-259f70f elementor-section-boxed elementor-section-height-default elementor-section-height-default\" data-id=\"259f70f\" data-element_type=\"section\">\n\t\t\t\t\t\t<div class=\"elementor-container elementor-column-gap-default\">\n\t\t\t\t\t<div class=\"elementor-column elementor-col-100 elementor-top-column elementor-element elementor-element-57f5737\" data-id=\"57f5737\" data-element_type=\"column\">\n\t\t\t<div class=\"elementor-widget-wrap elementor-element-populated\">\n\t\t\t\t\t\t<div class=\"elementor-element elementor-element-9ee61dd elementor-widget elementor-widget-text-editor\" data-id=\"9ee61dd\" data-element_type=\"widget\" data-widget_type=\"text-editor.default\">\n\t\t\t\t<div class=\"elementor-widget-container\">\n\t\t\t\t\t\t\t\t\t<p class=\"p1\">\u00dcyelik formu talebi ve detayl\u0131 bilgi i\u00e7in derne\u011fimizden Benek Gen\u00e7ero\u011flu ile ileti\u015fime ge\u00e7ebilirsiniz.<\/p><p class=\"p1\"><b>\u0130stenen Ek Belgeler<br \/><\/b>\u2022 Firma Bilgileri<br \/>\u2022 Vergi Levhas\u0131 \u2013 Fotokopi<br \/>\u2022 \u0130mza Sirk\u00fcleri \u2013 Fotokopi<br \/>\u2022 Firman\u0131n Ticaret Sicili \u0130lan\u0131 \u2013 Fotokopi<br \/>\u2022 T\u00fczel Asil \u00dcyeler \u0130\u00e7in (Kurumsal)<br \/>\u2022 Temsilci Olmak \u0130\u00e7in \u015eirket Y\u00f6netim Kurulu Karar\u0131<\/p><p class=\"p1\"><b>Bilgi \u0130\u00e7in:<br \/><\/b>Benek Gen\u00e7ero\u011flu<br \/><strong>T:<\/strong> +90 212 227 85 42 \u2013 52 \u2013 62<br \/><strong>F:<\/strong> +90 212 227 85 35<br \/><strong>E:<\/strong> <a href=\"mailto:bgenceroglu@zincirmagazalar.org\">bgenceroglu@zincirmagazalar.org<\/a><\/p><p class=\"p1\">Ayazmadere Caddesi No:12\u00a0<br \/>Ak\u015fit Plaza Kat:7 34349<br \/>Dikilita\u015f Be\u015fikta\u015f \u2013 \u0130stanbul \/ T\u00fcrkiye<\/p>\t\t\t\t\t\t\t\t<\/div>\n\t\t\t\t<\/div>\n\t\t\t\t\t<\/div>\n\t\t<\/div>\n\t\t\t\t\t<\/div>\n\t\t<\/section>\n\t\t\t\t<\/div>\n\t\t","protected":false},"excerpt":{"rendered":"<p>\u00dcyelik formu talebi ve detayl\u0131 bilgi i\u00e7in derne\u011fimizden Benek Gen\u00e7ero\u011flu ile ileti\u015fime ge\u00e7ebilirsiniz. \u0130stenen Ek Belgeler\u2022 Firma Bilgileri\u2022 Vergi Levhas\u0131 \u2013 Fotokopi\u2022 \u0130mza Sirk\u00fcleri \u2013 Fotokopi\u2022 Firman\u0131n Ticaret Sicili \u0130lan\u0131 \u2013 Fotokopi\u2022 T\u00fczel Asil \u00dcyeler \u0130\u00e7in (Kurumsal)\u2022 Temsilci Olmak \u0130\u00e7in \u015eirket Y\u00f6netim Kurulu Karar\u0131 Bilgi \u0130\u00e7in:Benek Gen\u00e7ero\u011fluT: +90 212 227 85 42 \u2013 52 \u2013 [&hellip;]<\/p>\n","protected":false},"author":1,"featured_media":0,"parent":0,"menu_order":0,"comment_status":"closed","ping_status":"closed","template":"","meta":{"footnotes":""},"class_list":["post-355","page","type-page","status-publish"],"_links":{"self":[{"href":"https:\/\/www.zincirmagazalar.org\/index.php?rest_route=\/wp\/v2\/pages\/355","targetHints":{"allow":["GET"]}}],"collection":[{"href":"https:\/\/www.zincirmagazalar.org\/index.php?rest_route=\/wp\/v2\/pages"}],"about":[{"href":"https:\/\/www.zincirmagazalar.org\/index.php?rest_route=\/wp\/v2\/types\/page"}],"author":[{"embeddable":true,"href":"https:\/\/www.zincirmagazalar.org\/index.php?rest_route=\/wp\/v2\/users\/1"}],"replies":[{"embeddable":true,"href":"https:\/\/www.zincirmagazalar.org\/index.php?rest_route=%2Fwp%2Fv2%2Fcomments&post=355"}],"version-history":[{"count":8,"href":"https:\/\/www.zincirmagazalar.org\/index.php?rest_route=\/wp\/v2\/pages\/355\/revisions"}],"predecessor-version":[{"id":1387,"href":"https:\/\/www.zincirmagazalar.org\/index.php?rest_route=\/wp\/v2\/pages\/355\/revisions\/1387"}],"wp:attachment":[{"href":"https:\/\/www.zincirmagazalar.org\/index.php?rest_route=%2Fwp%2Fv2%2Fmedia&parent=355"}],"curies":[{"name":"wp","href":"https:\/\/api.w.org\/{rel}","templated":true}]}}