{"id":3515,"date":"2024-08-07T11:04:29","date_gmt":"2024-08-07T11:04:29","guid":{"rendered":"https:\/\/www.zincirmagazalar.org\/?page_id=3515"},"modified":"2024-10-04T10:48:19","modified_gmt":"2024-10-04T10:48:19","slug":"konferans-2024","status":"publish","type":"page","link":"https:\/\/www.zincirmagazalar.org\/?page_id=3515","title":{"rendered":"Konferans 2024"},"content":{"rendered":"\t\t<div data-elementor-type=\"wp-page\" data-elementor-id=\"3515\" class=\"elementor elementor-3515\">\n\t\t\t\t\t\t<section class=\"elementor-section elementor-top-section elementor-element elementor-element-8805d54 elementor-section-boxed elementor-section-height-default elementor-section-height-default\" data-id=\"8805d54\" data-element_type=\"section\">\n\t\t\t\t\t\t<div class=\"elementor-container elementor-column-gap-default\">\n\t\t\t\t\t<div class=\"elementor-column elementor-col-100 elementor-top-column elementor-element elementor-element-3c1f235\" data-id=\"3c1f235\" data-element_type=\"column\">\n\t\t\t<div class=\"elementor-widget-wrap elementor-element-populated\">\n\t\t\t\t\t\t<div class=\"elementor-element elementor-element-71b7490 elementor-widget elementor-widget-image\" data-id=\"71b7490\" data-element_type=\"widget\" data-widget_type=\"image.default\">\n\t\t\t\t<div class=\"elementor-widget-container\">\n\t\t\t\t\t\t\t\t\t\t\t\t\t\t\t\t<a href=\"https:\/\/digitalnetworkalkas.com\/event\/11-perakende-teknolojileri-konferansi-zmd\" target=\"_blank\">\n\t\t\t\t\t\t\t<img fetchpriority=\"high\" decoding=\"async\" width=\"1500\" height=\"1500\" src=\"https:\/\/www.zincirmagazalar.org\/wp-content\/uploads\/2024\/08\/save_the_date_1807.jpg\" class=\"attachment-full size-full wp-image-3516\" alt=\"\" srcset=\"https:\/\/www.zincirmagazalar.org\/wp-content\/uploads\/2024\/08\/save_the_date_1807.jpg 1500w, https:\/\/www.zincirmagazalar.org\/wp-content\/uploads\/2024\/08\/save_the_date_1807-300x300.jpg 300w, https:\/\/www.zincirmagazalar.org\/wp-content\/uploads\/2024\/08\/save_the_date_1807-1024x1024.jpg 1024w, https:\/\/www.zincirmagazalar.org\/wp-content\/uploads\/2024\/08\/save_the_date_1807-150x150.jpg 150w, https:\/\/www.zincirmagazalar.org\/wp-content\/uploads\/2024\/08\/save_the_date_1807-768x768.jpg 768w, https:\/\/www.zincirmagazalar.org\/wp-content\/uploads\/2024\/08\/save_the_date_1807-696x696.jpg 696w, https:\/\/www.zincirmagazalar.org\/wp-content\/uploads\/2024\/08\/save_the_date_1807-1068x1068.jpg 1068w, https:\/\/www.zincirmagazalar.org\/wp-content\/uploads\/2024\/08\/save_the_date_1807-420x420.jpg 420w\" sizes=\"(max-width: 1500px) 100vw, 1500px\" \/>\t\t\t\t\t\t\t\t<\/a>\n\t\t\t\t\t\t\t\t\t\t\t\t\t\t\t<\/div>\n\t\t\t\t<\/div>\n\t\t\t\t\t<\/div>\n\t\t<\/div>\n\t\t\t\t\t<\/div>\n\t\t<\/section>\n\t\t\t\t<section class=\"elementor-section elementor-top-section elementor-element elementor-element-1cd8f80 elementor-section-boxed elementor-section-height-default elementor-section-height-default\" data-id=\"1cd8f80\" data-element_type=\"section\">\n\t\t\t\t\t\t<div class=\"elementor-container elementor-column-gap-default\">\n\t\t\t\t\t<div class=\"elementor-column elementor-col-100 elementor-top-column elementor-element elementor-element-34e7989\" data-id=\"34e7989\" data-element_type=\"column\">\n\t\t\t<div class=\"elementor-widget-wrap elementor-element-populated\">\n\t\t\t\t\t\t<div class=\"elementor-element elementor-element-b968bb2 elementor-widget elementor-widget-image\" data-id=\"b968bb2\" data-element_type=\"widget\" data-widget_type=\"image.default\">\n\t\t\t\t<div class=\"elementor-widget-container\">\n\t\t\t\t\t\t\t\t\t\t\t\t\t\t\t\t<a href=\"https:\/\/digitalnetworkalkas.com\/event\/11-perakende-teknolojileri-konferansi-zmd\" target=\"_blank\">\n\t\t\t\t\t\t\t<img decoding=\"async\" width=\"1500\" height=\"606\" src=\"https:\/\/www.zincirmagazalar.org\/wp-content\/uploads\/2024\/10\/sponsorlar-2024.jpg\" class=\"attachment-full size-full wp-image-3542\" alt=\"\" srcset=\"https:\/\/www.zincirmagazalar.org\/wp-content\/uploads\/2024\/10\/sponsorlar-2024.jpg 1500w, https:\/\/www.zincirmagazalar.org\/wp-content\/uploads\/2024\/10\/sponsorlar-2024-300x121.jpg 300w, https:\/\/www.zincirmagazalar.org\/wp-content\/uploads\/2024\/10\/sponsorlar-2024-1024x414.jpg 1024w, https:\/\/www.zincirmagazalar.org\/wp-content\/uploads\/2024\/10\/sponsorlar-2024-768x310.jpg 768w, https:\/\/www.zincirmagazalar.org\/wp-content\/uploads\/2024\/10\/sponsorlar-2024-696x281.jpg 696w, https:\/\/www.zincirmagazalar.org\/wp-content\/uploads\/2024\/10\/sponsorlar-2024-1068x431.jpg 1068w, https:\/\/www.zincirmagazalar.org\/wp-content\/uploads\/2024\/10\/sponsorlar-2024-1040x420.jpg 1040w\" sizes=\"(max-width: 1500px) 100vw, 1500px\" \/>\t\t\t\t\t\t\t\t<\/a>\n\t\t\t\t\t\t\t\t\t\t\t\t\t\t\t<\/div>\n\t\t\t\t<\/div>\n\t\t\t\t\t<\/div>\n\t\t<\/div>\n\t\t\t\t\t<\/div>\n\t\t<\/section>\n\t\t\t\t<section class=\"elementor-section elementor-top-section elementor-element elementor-element-23411f5 elementor-section-boxed elementor-section-height-default elementor-section-height-default\" data-id=\"23411f5\" data-element_type=\"section\">\n\t\t\t\t\t\t<div class=\"elementor-container elementor-column-gap-default\">\n\t\t\t\t\t<div class=\"elementor-column elementor-col-100 elementor-top-column elementor-element elementor-element-6ec85d3\" data-id=\"6ec85d3\" data-element_type=\"column\">\n\t\t\t<div class=\"elementor-widget-wrap elementor-element-populated\">\n\t\t\t\t\t\t<div class=\"elementor-element elementor-element-e439795 elementor-align-center elementor-widget elementor-widget-button\" data-id=\"e439795\" data-element_type=\"widget\" data-widget_type=\"button.default\">\n\t\t\t\t<div class=\"elementor-widget-container\">\n\t\t\t\t\t\t\t\t\t<div class=\"elementor-button-wrapper\">\n\t\t\t\t\t<a class=\"elementor-button elementor-button-link elementor-size-md\" href=\"https:\/\/digitalnetworkalkas.com\/event\/11-perakende-teknolojileri-konferansi-zmd\" target=\"_blank\">\n\t\t\t\t\t\t<span class=\"elementor-button-content-wrapper\">\n\t\t\t\t\t\t\t\t\t<span class=\"elementor-button-text\">Detayl\u0131 Bilgi ve Online Etkinli\u011fe Kay\u0131t \u0130\u00e7in T\u0131klay\u0131n\u0131z<\/span>\n\t\t\t\t\t<\/span>\n\t\t\t\t\t<\/a>\n\t\t\t\t<\/div>\n\t\t\t\t\t\t\t\t<\/div>\n\t\t\t\t<\/div>\n\t\t\t\t\t<\/div>\n\t\t<\/div>\n\t\t\t\t\t<\/div>\n\t\t<\/section>\n\t\t\t\t<section class=\"elementor-section elementor-top-section elementor-element elementor-element-29d3e8b elementor-section-boxed elementor-section-height-default elementor-section-height-default\" data-id=\"29d3e8b\" data-element_type=\"section\">\n\t\t\t\t\t\t<div class=\"elementor-container elementor-column-gap-default\">\n\t\t\t\t\t<div class=\"elementor-column elementor-col-100 elementor-top-column elementor-element elementor-element-617722d\" data-id=\"617722d\" data-element_type=\"column\">\n\t\t\t<div class=\"elementor-widget-wrap elementor-element-populated\">\n\t\t\t\t\t\t<div class=\"elementor-element elementor-element-71ad9c4 elementor-widget elementor-widget-text-editor\" data-id=\"71ad9c4\" data-element_type=\"widget\" data-widget_type=\"text-editor.default\">\n\t\t\t\t<div class=\"elementor-widget-container\">\n\t\t\t\t\t\t\t\t\t<h4><span style=\"color: #808080;\"><strong>11. Perakende Teknolojileri Konferans\u0131<\/strong><\/span><\/h4><h5><span style=\"color: #808080;\">11. Perakende Teknolojileri Konferans\u0131, her y\u0131l oldu\u011fu gibi bu y\u0131l da perakende sekt\u00f6r\u00fcyle teknoloji \u00e7\u00f6z\u00fcm ortaklar\u0131m\u0131z\u0131 bir araya getirmeye, \u00f6rnek uygulamalar\u0131 sahnede beraber sunmalar\u0131na imk\u00e2n sa\u011flamaya ve g\u00fcncel geli\u015fmeleri en etkileyici i\u00e7eriklerle sekt\u00f6re ula\u015ft\u0131rmaya devam edecek.<\/span><\/h5><h5><span style=\"color: #808080;\">Perakende Sekt\u00f6r\u00fc,<strong> 8 Ekim 2024&#8217;te Wyndham Grand Istanbul Levent<\/strong>\u00a0ve hibrit olarak e\u015f zamanl\u0131 Digital Network Alka\u015f&#8217;ta farkl\u0131 konularda \u00e7\u00f6z\u00fcmleri payla\u015fmak i\u00e7in toplanacak.<\/span><\/h5>\t\t\t\t\t\t\t\t<\/div>\n\t\t\t\t<\/div>\n\t\t\t\t\t<\/div>\n\t\t<\/div>\n\t\t\t\t\t<\/div>\n\t\t<\/section>\n\t\t\t\t<\/div>\n\t\t","protected":false},"excerpt":{"rendered":"<p>Detayl\u0131 Bilgi ve Online Etkinli\u011fe Kay\u0131t \u0130\u00e7in T\u0131klay\u0131n\u0131z 11. Perakende Teknolojileri Konferans\u0131 11. Perakende Teknolojileri Konferans\u0131, her y\u0131l oldu\u011fu gibi bu y\u0131l da perakende sekt\u00f6r\u00fcyle teknoloji \u00e7\u00f6z\u00fcm ortaklar\u0131m\u0131z\u0131 bir araya getirmeye, \u00f6rnek uygulamalar\u0131 sahnede beraber sunmalar\u0131na imk\u00e2n sa\u011flamaya ve g\u00fcncel geli\u015fmeleri en etkileyici i\u00e7eriklerle sekt\u00f6re ula\u015ft\u0131rmaya devam edecek. Perakende Sekt\u00f6r\u00fc, 8 Ekim 2024&#8217;te Wyndham Grand [&hellip;]<\/p>\n","protected":false},"author":2,"featured_media":3516,"parent":0,"menu_order":0,"comment_status":"closed","ping_status":"closed","template":"","meta":{"footnotes":""},"class_list":["post-3515","page","type-page","status-publish","has-post-thumbnail"],"_links":{"self":[{"href":"https:\/\/www.zincirmagazalar.org\/index.php?rest_route=\/wp\/v2\/pages\/3515","targetHints":{"allow":["GET"]}}],"collection":[{"href":"https:\/\/www.zincirmagazalar.org\/index.php?rest_route=\/wp\/v2\/pages"}],"about":[{"href":"https:\/\/www.zincirmagazalar.org\/index.php?rest_route=\/wp\/v2\/types\/page"}],"author":[{"embeddable":true,"href":"https:\/\/www.zincirmagazalar.org\/index.php?rest_route=\/wp\/v2\/users\/2"}],"replies":[{"embeddable":true,"href":"https:\/\/www.zincirmagazalar.org\/index.php?rest_route=%2Fwp%2Fv2%2Fcomments&post=3515"}],"version-history":[{"count":20,"href":"https:\/\/www.zincirmagazalar.org\/index.php?rest_route=\/wp\/v2\/pages\/3515\/revisions"}],"predecessor-version":[{"id":3545,"href":"https:\/\/www.zincirmagazalar.org\/index.php?rest_route=\/wp\/v2\/pages\/3515\/revisions\/3545"}],"wp:featuredmedia":[{"embeddable":true,"href":"https:\/\/www.zincirmagazalar.org\/index.php?rest_route=\/wp\/v2\/media\/3516"}],"wp:attachment":[{"href":"https:\/\/www.zincirmagazalar.org\/index.php?rest_route=%2Fwp%2Fv2%2Fmedia&parent=3515"}],"curies":[{"name":"wp","href":"https:\/\/api.w.org\/{rel}","templated":true}]}}