{"id":273,"date":"2019-09-17T09:09:41","date_gmt":"2019-09-17T09:09:41","guid":{"rendered":"https:\/\/new.kategorimagazaciligi.org\/?page_id=273"},"modified":"2021-04-21T12:45:31","modified_gmt":"2021-04-21T12:45:31","slug":"perakende-kariyer-platformu","status":"publish","type":"page","link":"https:\/\/www.zincirmagazalar.org\/?page_id=273","title":{"rendered":"Perakende Kariyer Platformu"},"content":{"rendered":"\t\t<div data-elementor-type=\"wp-page\" data-elementor-id=\"273\" class=\"elementor elementor-273\">\n\t\t\t\t\t\t<section class=\"elementor-section elementor-top-section elementor-element elementor-element-87bda9c elementor-section-boxed elementor-section-height-default elementor-section-height-default\" data-id=\"87bda9c\" data-element_type=\"section\">\n\t\t\t\t\t\t<div class=\"elementor-container elementor-column-gap-default\">\n\t\t\t\t\t<div class=\"elementor-column elementor-col-100 elementor-top-column elementor-element elementor-element-fe76a72\" data-id=\"fe76a72\" data-element_type=\"column\">\n\t\t\t<div class=\"elementor-widget-wrap elementor-element-populated\">\n\t\t\t\t\t\t<div class=\"elementor-element elementor-element-0d975ae elementor-widget elementor-widget-text-editor\" data-id=\"0d975ae\" data-element_type=\"widget\" data-widget_type=\"text-editor.default\">\n\t\t\t\t<div class=\"elementor-widget-container\">\n\t\t\t\t\t\t\t\t\t<p>G\u0131da Perakendecileri Derne\u011fi ve Zincir Ma\u011fazalar Derne\u011fi\u2019nin \u0130SMEK ve \u0130\u015eKUR ile i\u015fbirli\u011fi yap\u0131p a\u00e7t\u0131\u011f\u0131 Perakende Okulu, Avrupa Birli\u011fi Erasmus+ hibesiyle hayata ge\u00e7irdi\u011fi \u00fccretsiz online perakende e\u011fitiminden sonra \u00f6zellikle mavi yakal\u0131 i\u015f ilanlar\u0131n\u0131n \u00fccretsiz olarak yer alaca\u011f\u0131 \u0130\u015e-PER Kariyer Platformu\u2019nu yay\u0131na a\u00e7t\u0131.\u00a0<\/p><p><a class=\"daria-goto-anchor\" href=\"http:\/\/www.is-per.org\/\" target=\"_blank\" rel=\"noopener noreferrer\" data-vdir-href=\"https:\/\/mail.yandex.com\/re.jsx?uid=1130000020532498&amp;c=LIZA&amp;cv=17.9.22&amp;mid=170010885933254375&amp;h=a,qPJjcKYaYbRIqj3RoCphGg&amp;l=aHR0cDovL3d3dy5pcy1wZXIub3JnLw\" data-orig-href=\"http:\/\/www.is-per.org\/\">www.is-per.org<\/a>\u00a0adresinde yay\u0131na ge\u00e7en sitede \u00fcye kurulu\u015flar i\u015f ilanlar\u0131n\u0131 girebilecek. \u00d6zellikle \u0130SMEK Perakende Okulu\u2019nu bitiren kursiyerlerle daha h\u0131zl\u0131 ve s\u00fcrekli temasta olunmas\u0131 i\u00e7in haz\u0131rlanan site \u00fczerinden, perakendede \u00e7al\u0131\u015fmak isteyenler i\u015f ilanlar\u0131na ba\u015fvurabilecek.<\/p>\t\t\t\t\t\t\t\t<\/div>\n\t\t\t\t<\/div>\n\t\t\t\t\t<\/div>\n\t\t<\/div>\n\t\t\t\t\t<\/div>\n\t\t<\/section>\n\t\t\t\t<\/div>\n\t\t","protected":false},"excerpt":{"rendered":"<p>G\u0131da Perakendecileri Derne\u011fi ve Zincir Ma\u011fazalar Derne\u011fi\u2019nin \u0130SMEK ve \u0130\u015eKUR ile i\u015fbirli\u011fi yap\u0131p a\u00e7t\u0131\u011f\u0131 Perakende Okulu, Avrupa Birli\u011fi Erasmus+ hibesiyle hayata ge\u00e7irdi\u011fi \u00fccretsiz online perakende e\u011fitiminden sonra \u00f6zellikle mavi yakal\u0131 i\u015f ilanlar\u0131n\u0131n \u00fccretsiz olarak yer alaca\u011f\u0131 \u0130\u015e-PER Kariyer Platformu\u2019nu yay\u0131na a\u00e7t\u0131.\u00a0 www.is-per.org\u00a0adresinde yay\u0131na ge\u00e7en sitede \u00fcye kurulu\u015flar i\u015f ilanlar\u0131n\u0131 girebilecek. \u00d6zellikle \u0130SMEK Perakende Okulu\u2019nu bitiren [&hellip;]<\/p>\n","protected":false},"author":1,"featured_media":0,"parent":0,"menu_order":0,"comment_status":"closed","ping_status":"closed","template":"","meta":{"footnotes":""},"class_list":["post-273","page","type-page","status-publish"],"_links":{"self":[{"href":"https:\/\/www.zincirmagazalar.org\/index.php?rest_route=\/wp\/v2\/pages\/273","targetHints":{"allow":["GET"]}}],"collection":[{"href":"https:\/\/www.zincirmagazalar.org\/index.php?rest_route=\/wp\/v2\/pages"}],"about":[{"href":"https:\/\/www.zincirmagazalar.org\/index.php?rest_route=\/wp\/v2\/types\/page"}],"author":[{"embeddable":true,"href":"https:\/\/www.zincirmagazalar.org\/index.php?rest_route=\/wp\/v2\/users\/1"}],"replies":[{"embeddable":true,"href":"https:\/\/www.zincirmagazalar.org\/index.php?rest_route=%2Fwp%2Fv2%2Fcomments&post=273"}],"version-history":[{"count":5,"href":"https:\/\/www.zincirmagazalar.org\/index.php?rest_route=\/wp\/v2\/pages\/273\/revisions"}],"predecessor-version":[{"id":1378,"href":"https:\/\/www.zincirmagazalar.org\/index.php?rest_route=\/wp\/v2\/pages\/273\/revisions\/1378"}],"wp:attachment":[{"href":"https:\/\/www.zincirmagazalar.org\/index.php?rest_route=%2Fwp%2Fv2%2Fmedia&parent=273"}],"curies":[{"name":"wp","href":"https:\/\/api.w.org\/{rel}","templated":true}]}}