{"id":268,"date":"2019-09-17T09:08:23","date_gmt":"2019-09-17T09:08:23","guid":{"rendered":"https:\/\/new.kategorimagazaciligi.org\/?page_id=268"},"modified":"2021-04-21T12:39:53","modified_gmt":"2021-04-21T12:39:53","slug":"ismek-perakende-okulu-2","status":"publish","type":"page","link":"https:\/\/www.zincirmagazalar.org\/?page_id=268","title":{"rendered":"\u0130SMEK Perakende Okulu"},"content":{"rendered":"\t\t<div data-elementor-type=\"wp-page\" data-elementor-id=\"268\" class=\"elementor elementor-268\">\n\t\t\t\t\t\t<section class=\"elementor-section elementor-top-section elementor-element elementor-element-87bda9c elementor-section-boxed elementor-section-height-default elementor-section-height-default\" data-id=\"87bda9c\" data-element_type=\"section\">\n\t\t\t\t\t\t<div class=\"elementor-container elementor-column-gap-default\">\n\t\t\t\t\t<div class=\"elementor-column elementor-col-100 elementor-top-column elementor-element elementor-element-fe76a72\" data-id=\"fe76a72\" data-element_type=\"column\">\n\t\t\t<div class=\"elementor-widget-wrap elementor-element-populated\">\n\t\t\t\t\t\t<div class=\"elementor-element elementor-element-0d975ae elementor-widget elementor-widget-text-editor\" data-id=\"0d975ae\" data-element_type=\"widget\" data-widget_type=\"text-editor.default\">\n\t\t\t\t<div class=\"elementor-widget-container\">\n\t\t\t\t\t\t\t\t\t<p class=\"p1\"><b><img fetchpriority=\"high\" decoding=\"async\" class=\"alignnone wp-image-269 size-full\" src=\"https:\/\/new.kategorimagazaciligi.org\/wp-content\/uploads\/2019\/09\/perakende-okulu.jpg\" alt=\"\" width=\"833\" height=\"556\" srcset=\"https:\/\/www.zincirmagazalar.org\/wp-content\/uploads\/2019\/09\/perakende-okulu.jpg 833w, https:\/\/www.zincirmagazalar.org\/wp-content\/uploads\/2019\/09\/perakende-okulu-300x200.jpg 300w, https:\/\/www.zincirmagazalar.org\/wp-content\/uploads\/2019\/09\/perakende-okulu-768x513.jpg 768w, https:\/\/www.zincirmagazalar.org\/wp-content\/uploads\/2019\/09\/perakende-okulu-696x465.jpg 696w, https:\/\/www.zincirmagazalar.org\/wp-content\/uploads\/2019\/09\/perakende-okulu-629x420.jpg 629w\" sizes=\"(max-width: 833px) 100vw, 833px\" \/><\/b><\/p><p class=\"p1\"><b>\u0130SMEK Perakende Okulu<\/b><\/p><p class=\"p1\"><b>\u0130SMEK Perakende Okulu, G\u0131da Perakendecileri Derne\u011fi ve Zincir Ma\u011fazalar Derne\u011fi\u2019nin \u0130SMEK ile olan i\u015f birli\u011finden do\u011fan, derneklerin \u00fcye firmalar\u0131n\u0131n deste\u011fi ve sponsorlu\u011funda ger\u00e7ekle\u015ftirilen, uzun soluklu bir perakende e\u011fitim merkezi projesi.<\/b><\/p><p class=\"p1\">Perakende sekt\u00f6r\u00fcnde ihtiya\u00e7 duyulan elemanlar\u0131n yeti\u015ftirilmesi i\u00e7in temel basamak g\u00f6revini \u00fcstlenecek Perakende Okulu; Reyon G\u00f6revlisi, Sat\u0131\u015f G\u00f6revlisi, Depo G\u00f6revlisi, Sat\u0131\u015f Dan\u0131\u015fman\u0131, Teknoloji Marketi Sat\u0131\u015f Dan\u0131\u015fman\u0131, Market Sat\u0131\u015f Dan\u0131\u015fman\u0131 (Et, Bal\u0131k, \u015eark\u00fcteri, Manav, Pastane) ve Ma\u011faza Eleman\u0131 ana ba\u015fl\u0131klar\u0131ndaki programlar\u0131yla\u00a02016 y\u0131l\u0131nda e\u011fitime ba\u015flad\u0131.<\/p><p class=\"p1\">Temel e\u011fitim s\u0131ras\u0131nda kat\u0131l\u0131mc\u0131lar, perakende sekt\u00f6r\u00fcn\u00fc tan\u0131yor, \u00e7al\u0131\u015facaklar\u0131 firmalar hakk\u0131nda bilgi ediniyor, kariyer se\u00e7eneklerini \u00f6\u011freniyor ve b\u00f6ylece geleceklerini daha iyi tayin edebiliyorlar.<\/p><p class=\"p1\">Bu s\u00fcrecin verimli i\u015fleyebilmesi i\u00e7in e\u011fitimler s\u0131ras\u0131nda\u00a0Marka Tan\u0131t\u0131m G\u00fcnleri\u00a0d\u00fczenleniyor. Bu g\u00fcnlerde firmalardan yetkililer gelip, kendi markalar\u0131n\u0131 tan\u0131tarak ve \u00e7al\u0131\u015fanlar\u0131n\u0131n ba\u015far\u0131 hikayelerini anlatarak, kat\u0131l\u0131mc\u0131lar i\u00e7in perakendenin g\u00fcc\u00fcn\u00fc ve b\u00fcy\u00fckl\u00fc\u011f\u00fcn\u00fc g\u00f6r\u00fcn\u00fcr k\u0131l\u0131yorlar.<\/p><p class=\"p1\">Sekt\u00f6rle i\u00e7 i\u00e7e i\u015fleyen bu sistem sayesinde yeni kat\u0131l\u0131mc\u0131lar i\u00e7in daha \u00e7ekici ve di\u011fer perakende e\u011fitimlerinden farkl\u0131 bir ortam yarat\u0131l\u0131yor.<\/p><p class=\"p1\">E\u011fitimler, \u0130SMEK\u2019in alan\u0131nda uzman e\u011fitmenleri taraf\u0131ndan veriliyor ve kat\u0131l\u0131mc\u0131lardan herhangi bir \u00fccret talep edilmiyor. E\u011fitimleri ba\u015far\u0131yla tamamlayan kursiyerlere sertifika veriliyor ve \u00fcye i\u015f yerleri dahilinde istihdam imkan\u0131 sa\u011flan\u0131yor.<\/p><p class=\"p1\">Teorik e\u011fitimin tamamlanmas\u0131n\u0131n ard\u0131ndan kursiyerler \u00fcye firmalarda i\u015f ba\u015f\u0131 e\u011fitimine kat\u0131larak stajlar\u0131n\u0131 tamamlam\u0131\u015f oluyor ve \u00e7al\u0131\u015fma alanlar\u0131n\u0131 hem teorik hem de pratik olarak tan\u0131ma f\u0131rsat\u0131 yakal\u0131yorlar. \u0130\u015fba\u015f\u0131 e\u011fitimi s\u0131ras\u0131nda, kursiyerlerin g\u00fcnl\u00fck zaruri \u00f6demesi, genel sa\u011fl\u0131k sigortas\u0131 ile i\u015f kazas\u0131 ve meslek hastal\u0131\u011f\u0131 sigorta prim \u00f6demeleri \u0130\u015eKUR taraf\u0131ndan kar\u015f\u0131lan\u0131yor.<\/p>\t\t\t\t\t\t\t\t<\/div>\n\t\t\t\t<\/div>\n\t\t\t\t\t<\/div>\n\t\t<\/div>\n\t\t\t\t\t<\/div>\n\t\t<\/section>\n\t\t\t\t<\/div>\n\t\t","protected":false},"excerpt":{"rendered":"<p>\u0130SMEK Perakende Okulu \u0130SMEK Perakende Okulu, G\u0131da Perakendecileri Derne\u011fi ve Zincir Ma\u011fazalar Derne\u011fi\u2019nin \u0130SMEK ile olan i\u015f birli\u011finden do\u011fan, derneklerin \u00fcye firmalar\u0131n\u0131n deste\u011fi ve sponsorlu\u011funda ger\u00e7ekle\u015ftirilen, uzun soluklu bir perakende e\u011fitim merkezi projesi. Perakende sekt\u00f6r\u00fcnde ihtiya\u00e7 duyulan elemanlar\u0131n yeti\u015ftirilmesi i\u00e7in temel basamak g\u00f6revini \u00fcstlenecek Perakende Okulu; Reyon G\u00f6revlisi, Sat\u0131\u015f G\u00f6revlisi, Depo G\u00f6revlisi, Sat\u0131\u015f Dan\u0131\u015fman\u0131, Teknoloji [&hellip;]<\/p>\n","protected":false},"author":1,"featured_media":269,"parent":0,"menu_order":0,"comment_status":"closed","ping_status":"closed","template":"","meta":{"footnotes":""},"class_list":["post-268","page","type-page","status-publish","has-post-thumbnail"],"_links":{"self":[{"href":"https:\/\/www.zincirmagazalar.org\/index.php?rest_route=\/wp\/v2\/pages\/268","targetHints":{"allow":["GET"]}}],"collection":[{"href":"https:\/\/www.zincirmagazalar.org\/index.php?rest_route=\/wp\/v2\/pages"}],"about":[{"href":"https:\/\/www.zincirmagazalar.org\/index.php?rest_route=\/wp\/v2\/types\/page"}],"author":[{"embeddable":true,"href":"https:\/\/www.zincirmagazalar.org\/index.php?rest_route=\/wp\/v2\/users\/1"}],"replies":[{"embeddable":true,"href":"https:\/\/www.zincirmagazalar.org\/index.php?rest_route=%2Fwp%2Fv2%2Fcomments&post=268"}],"version-history":[{"count":6,"href":"https:\/\/www.zincirmagazalar.org\/index.php?rest_route=\/wp\/v2\/pages\/268\/revisions"}],"predecessor-version":[{"id":1366,"href":"https:\/\/www.zincirmagazalar.org\/index.php?rest_route=\/wp\/v2\/pages\/268\/revisions\/1366"}],"wp:featuredmedia":[{"embeddable":true,"href":"https:\/\/www.zincirmagazalar.org\/index.php?rest_route=\/wp\/v2\/media\/269"}],"wp:attachment":[{"href":"https:\/\/www.zincirmagazalar.org\/index.php?rest_route=%2Fwp%2Fv2%2Fmedia&parent=268"}],"curies":[{"name":"wp","href":"https:\/\/api.w.org\/{rel}","templated":true}]}}