{"id":2599,"date":"2022-06-21T10:19:24","date_gmt":"2022-06-21T10:19:24","guid":{"rendered":"https:\/\/www.zincirmagazalar.org\/?page_id=2599"},"modified":"2022-10-24T12:53:19","modified_gmt":"2022-10-24T12:53:19","slug":"konferans-2022","status":"publish","type":"page","link":"https:\/\/www.zincirmagazalar.org\/?page_id=2599","title":{"rendered":"Konferans 2022"},"content":{"rendered":"\t\t<div data-elementor-type=\"wp-page\" data-elementor-id=\"2599\" class=\"elementor elementor-2599\">\n\t\t\t\t\t\t<section class=\"elementor-section elementor-top-section elementor-element elementor-element-8805d54 elementor-section-boxed elementor-section-height-default elementor-section-height-default\" data-id=\"8805d54\" data-element_type=\"section\">\n\t\t\t\t\t\t<div class=\"elementor-container elementor-column-gap-default\">\n\t\t\t\t\t<div class=\"elementor-column elementor-col-100 elementor-top-column elementor-element elementor-element-3c1f235\" data-id=\"3c1f235\" data-element_type=\"column\">\n\t\t\t<div class=\"elementor-widget-wrap elementor-element-populated\">\n\t\t\t\t\t\t<div class=\"elementor-element elementor-element-71b7490 elementor-widget elementor-widget-image\" data-id=\"71b7490\" data-element_type=\"widget\" data-widget_type=\"image.default\">\n\t\t\t\t<div class=\"elementor-widget-container\">\n\t\t\t\t\t\t\t\t\t\t\t\t\t\t\t\t<a href=\"https:\/\/digitalnetworkalkas.com\/event\/9-perakende-teknolojileri-konferansi-zmd\">\n\t\t\t\t\t\t\t<img fetchpriority=\"high\" decoding=\"async\" width=\"1080\" height=\"1080\" src=\"https:\/\/www.zincirmagazalar.org\/wp-content\/uploads\/2022\/06\/zmd-konferans-2022.jpg\" class=\"attachment-full size-full wp-image-2600\" alt=\"\" srcset=\"https:\/\/www.zincirmagazalar.org\/wp-content\/uploads\/2022\/06\/zmd-konferans-2022.jpg 1080w, https:\/\/www.zincirmagazalar.org\/wp-content\/uploads\/2022\/06\/zmd-konferans-2022-300x300.jpg 300w, https:\/\/www.zincirmagazalar.org\/wp-content\/uploads\/2022\/06\/zmd-konferans-2022-1024x1024.jpg 1024w, https:\/\/www.zincirmagazalar.org\/wp-content\/uploads\/2022\/06\/zmd-konferans-2022-150x150.jpg 150w, https:\/\/www.zincirmagazalar.org\/wp-content\/uploads\/2022\/06\/zmd-konferans-2022-768x768.jpg 768w, https:\/\/www.zincirmagazalar.org\/wp-content\/uploads\/2022\/06\/zmd-konferans-2022-696x696.jpg 696w, https:\/\/www.zincirmagazalar.org\/wp-content\/uploads\/2022\/06\/zmd-konferans-2022-1068x1068.jpg 1068w, https:\/\/www.zincirmagazalar.org\/wp-content\/uploads\/2022\/06\/zmd-konferans-2022-420x420.jpg 420w\" sizes=\"(max-width: 1080px) 100vw, 1080px\" \/>\t\t\t\t\t\t\t\t<\/a>\n\t\t\t\t\t\t\t\t\t\t\t\t\t\t\t<\/div>\n\t\t\t\t<\/div>\n\t\t\t\t<div class=\"elementor-element elementor-element-b0b78a0 elementor-widget elementor-widget-text-editor\" data-id=\"b0b78a0\" data-element_type=\"widget\" data-widget_type=\"text-editor.default\">\n\t\t\t\t<div class=\"elementor-widget-container\">\n\t\t\t\t\t\t\t\t\t<h4><span style=\"color: #808080;\"><strong>9. Perakende Teknolojileri Konferans\u0131<\/strong><\/span><\/h4><h5><span style=\"color: #808080;\">9. Perakende Teknolojileri Konferans\u0131, her y\u0131l oldu\u011fu gibi bu y\u0131l da perakende sekt\u00f6r\u00fcyle teknoloji \u00e7\u00f6z\u00fcm ortaklar\u0131m\u0131z\u0131 bir araya getirmeye, \u00f6rnek uygulamalar\u0131 sahnede beraber sunmalar\u0131na imk\u00e2n sa\u011flamaya ve g\u00fcncel geli\u015fmeleri en etkileyici i\u00e7eriklerle sekt\u00f6re ula\u015ft\u0131rmaya devam edecek.<\/span><\/h5><h5><span style=\"color: #808080;\">Perakende Sekt\u00f6r\u00fc, <strong>25 Ekim 2022&#8217;de InterContinental \u0130stanbul Otel<\/strong> ve hibrit olarak e\u015f zamanl\u0131 Digital Network Alka\u015f&#8217;ta farkl\u0131 konularda \u00e7\u00f6z\u00fcmleri payla\u015fmak i\u00e7in toplanacak.<\/span><\/h5>\t\t\t\t\t\t\t\t<\/div>\n\t\t\t\t<\/div>\n\t\t\t\t\t<\/div>\n\t\t<\/div>\n\t\t\t\t\t<\/div>\n\t\t<\/section>\n\t\t\t\t<section class=\"elementor-section elementor-top-section elementor-element elementor-element-806be64 elementor-section-boxed elementor-section-height-default elementor-section-height-default\" data-id=\"806be64\" data-element_type=\"section\">\n\t\t\t\t\t\t<div class=\"elementor-container elementor-column-gap-default\">\n\t\t\t\t\t<div class=\"elementor-column elementor-col-100 elementor-top-column elementor-element elementor-element-f1e5270\" data-id=\"f1e5270\" data-element_type=\"column\">\n\t\t\t<div class=\"elementor-widget-wrap elementor-element-populated\">\n\t\t\t\t\t\t<div class=\"elementor-element elementor-element-6960f63 elementor-widget elementor-widget-image\" data-id=\"6960f63\" data-element_type=\"widget\" data-widget_type=\"image.default\">\n\t\t\t\t<div class=\"elementor-widget-container\">\n\t\t\t\t\t\t\t\t\t\t\t\t\t\t\t\t<a href=\"https:\/\/digitalnetworkalkas.com\/event\/9-perakende-teknolojileri-konferansi-zmd\" target=\"_blank\">\n\t\t\t\t\t\t\t<img decoding=\"async\" width=\"696\" height=\"696\" src=\"https:\/\/www.zincirmagazalar.org\/wp-content\/uploads\/2022\/10\/konferans-program-1024x1024.jpg\" class=\"attachment-large size-large wp-image-2764\" alt=\"\" srcset=\"https:\/\/www.zincirmagazalar.org\/wp-content\/uploads\/2022\/10\/konferans-program-1024x1024.jpg 1024w, https:\/\/www.zincirmagazalar.org\/wp-content\/uploads\/2022\/10\/konferans-program-300x300.jpg 300w, https:\/\/www.zincirmagazalar.org\/wp-content\/uploads\/2022\/10\/konferans-program-150x150.jpg 150w, https:\/\/www.zincirmagazalar.org\/wp-content\/uploads\/2022\/10\/konferans-program-768x768.jpg 768w, https:\/\/www.zincirmagazalar.org\/wp-content\/uploads\/2022\/10\/konferans-program-1536x1536.jpg 1536w, https:\/\/www.zincirmagazalar.org\/wp-content\/uploads\/2022\/10\/konferans-program-2048x2048.jpg 2048w, https:\/\/www.zincirmagazalar.org\/wp-content\/uploads\/2022\/10\/konferans-program-696x696.jpg 696w, https:\/\/www.zincirmagazalar.org\/wp-content\/uploads\/2022\/10\/konferans-program-1068x1068.jpg 1068w, https:\/\/www.zincirmagazalar.org\/wp-content\/uploads\/2022\/10\/konferans-program-420x420.jpg 420w\" sizes=\"(max-width: 696px) 100vw, 696px\" \/>\t\t\t\t\t\t\t\t<\/a>\n\t\t\t\t\t\t\t\t\t\t\t\t\t\t\t<\/div>\n\t\t\t\t<\/div>\n\t\t\t\t\t<\/div>\n\t\t<\/div>\n\t\t\t\t\t<\/div>\n\t\t<\/section>\n\t\t\t\t<\/div>\n\t\t","protected":false},"excerpt":{"rendered":"<p>9. Perakende Teknolojileri Konferans\u0131 9. Perakende Teknolojileri Konferans\u0131, her y\u0131l oldu\u011fu gibi bu y\u0131l da perakende sekt\u00f6r\u00fcyle teknoloji \u00e7\u00f6z\u00fcm ortaklar\u0131m\u0131z\u0131 bir araya getirmeye, \u00f6rnek uygulamalar\u0131 sahnede beraber sunmalar\u0131na imk\u00e2n sa\u011flamaya ve g\u00fcncel geli\u015fmeleri en etkileyici i\u00e7eriklerle sekt\u00f6re ula\u015ft\u0131rmaya devam edecek. Perakende Sekt\u00f6r\u00fc, 25 Ekim 2022&#8217;de InterContinental \u0130stanbul Otel ve hibrit olarak e\u015f zamanl\u0131 Digital Network [&hellip;]<\/p>\n","protected":false},"author":2,"featured_media":2600,"parent":0,"menu_order":0,"comment_status":"closed","ping_status":"closed","template":"","meta":{"footnotes":""},"class_list":["post-2599","page","type-page","status-publish","has-post-thumbnail"],"_links":{"self":[{"href":"https:\/\/www.zincirmagazalar.org\/index.php?rest_route=\/wp\/v2\/pages\/2599","targetHints":{"allow":["GET"]}}],"collection":[{"href":"https:\/\/www.zincirmagazalar.org\/index.php?rest_route=\/wp\/v2\/pages"}],"about":[{"href":"https:\/\/www.zincirmagazalar.org\/index.php?rest_route=\/wp\/v2\/types\/page"}],"author":[{"embeddable":true,"href":"https:\/\/www.zincirmagazalar.org\/index.php?rest_route=\/wp\/v2\/users\/2"}],"replies":[{"embeddable":true,"href":"https:\/\/www.zincirmagazalar.org\/index.php?rest_route=%2Fwp%2Fv2%2Fcomments&post=2599"}],"version-history":[{"count":20,"href":"https:\/\/www.zincirmagazalar.org\/index.php?rest_route=\/wp\/v2\/pages\/2599\/revisions"}],"predecessor-version":[{"id":2770,"href":"https:\/\/www.zincirmagazalar.org\/index.php?rest_route=\/wp\/v2\/pages\/2599\/revisions\/2770"}],"wp:featuredmedia":[{"embeddable":true,"href":"https:\/\/www.zincirmagazalar.org\/index.php?rest_route=\/wp\/v2\/media\/2600"}],"wp:attachment":[{"href":"https:\/\/www.zincirmagazalar.org\/index.php?rest_route=%2Fwp%2Fv2%2Fmedia&parent=2599"}],"curies":[{"name":"wp","href":"https:\/\/api.w.org\/{rel}","templated":true}]}}