{"id":249,"date":"2019-09-17T08:59:14","date_gmt":"2019-09-17T08:59:14","guid":{"rendered":"https:\/\/new.kategorimagazaciligi.org\/?page_id=249"},"modified":"2022-06-13T06:16:34","modified_gmt":"2022-06-13T06:16:34","slug":"konferans-hakkinda","status":"publish","type":"page","link":"https:\/\/www.zincirmagazalar.org\/?page_id=249","title":{"rendered":"Perakende Teknolojileri Konferans\u0131 Hakk\u0131nda"},"content":{"rendered":"\t\t<div data-elementor-type=\"wp-page\" data-elementor-id=\"249\" class=\"elementor elementor-249\">\n\t\t\t\t\t\t<section class=\"elementor-section elementor-top-section elementor-element elementor-element-87bda9c elementor-section-boxed elementor-section-height-default elementor-section-height-default\" data-id=\"87bda9c\" data-element_type=\"section\">\n\t\t\t\t\t\t<div class=\"elementor-container elementor-column-gap-default\">\n\t\t\t\t\t<div class=\"elementor-column elementor-col-100 elementor-top-column elementor-element elementor-element-fe76a72\" data-id=\"fe76a72\" data-element_type=\"column\">\n\t\t\t<div class=\"elementor-widget-wrap elementor-element-populated\">\n\t\t\t\t\t\t<div class=\"elementor-element elementor-element-0d975ae elementor-widget elementor-widget-text-editor\" data-id=\"0d975ae\" data-element_type=\"widget\" data-widget_type=\"text-editor.default\">\n\t\t\t\t<div class=\"elementor-widget-container\">\n\t\t\t\t\t\t\t\t\t<p class=\"p1\"><b><img fetchpriority=\"high\" decoding=\"async\" class=\"aligncenter wp-image-250 size-full\" src=\"https:\/\/new.kategorimagazaciligi.org\/wp-content\/uploads\/2019\/09\/kmd-konferans1.jpg\" alt=\"\" width=\"1134\" height=\"482\" srcset=\"https:\/\/www.zincirmagazalar.org\/wp-content\/uploads\/2019\/09\/kmd-konferans1.jpg 1134w, https:\/\/www.zincirmagazalar.org\/wp-content\/uploads\/2019\/09\/kmd-konferans1-300x128.jpg 300w, https:\/\/www.zincirmagazalar.org\/wp-content\/uploads\/2019\/09\/kmd-konferans1-768x326.jpg 768w, https:\/\/www.zincirmagazalar.org\/wp-content\/uploads\/2019\/09\/kmd-konferans1-1024x435.jpg 1024w, https:\/\/www.zincirmagazalar.org\/wp-content\/uploads\/2019\/09\/kmd-konferans1-696x296.jpg 696w, https:\/\/www.zincirmagazalar.org\/wp-content\/uploads\/2019\/09\/kmd-konferans1-1068x454.jpg 1068w, https:\/\/www.zincirmagazalar.org\/wp-content\/uploads\/2019\/09\/kmd-konferans1-988x420.jpg 988w\" sizes=\"(max-width: 1134px) 100vw, 1134px\" \/><\/b><\/p><p class=\"p1\"><b>Perakende Teknolojileri Konferans\u0131<\/b><\/p><p class=\"p1\"><b>Perakende sekt\u00f6r\u00fcn\u00fcn g\u00fcncel konular\u0131n\u0131n ve sekt\u00f6r\u00fcn yak\u0131n gelece\u011fine ili\u015fkin stratejilerin tart\u0131\u015f\u0131ld\u0131\u011f\u0131 Zincir Ma\u011fazalar Derne\u011fi Perakende Teknolojileri Konferans\u0131, Zincir Ma\u011fazalar Derne\u011fi ile Perakende ve Bili\u015fim Teknolojileri Tedarik\u00e7ilerini her y\u0131l bir araya getiriyor.<\/b><\/p><p class=\"p1\">Her ge\u00e7en g\u00fcn say\u0131s\u0131 ve beklentileri artan t\u00fcketicilerimiz bizlerden tam anlam\u0131yla 7\/24, kanal fark\u0131 g\u00f6zetmeksizin hizmet bekliyor. Bu \u00e7ok y\u00f6nl\u00fc kalite taleplerini kar\u015f\u0131layabilmemiz i\u00e7in ihtiyac\u0131m\u0131z olan alt yap\u0131, Bili\u015fim Teknolojisi baz\u0131ndaki bilgi ve donan\u0131m\u0131m\u0131z\u0131n her ge\u00e7en g\u00fcn g\u00fc\u00e7lenmesini ve sa\u011flamla\u015fmas\u0131n\u0131 gerektiriyor. Bizler Zincir Ma\u011fazalar Derne\u011fi \u00fcyeleri ve Y\u00f6netim Kurulu olarak bu yakla\u015f\u0131m\u0131 temel vizyonumuz olarak benimsedik ve o y\u00f6nde kayda de\u011fer ad\u0131mlar atmaya ba\u015flad\u0131k. Zincir Ma\u011fazalar Derne\u011fi Perakende Teknolojileri Konferans\u0131\u2019nda gelece\u011fe y\u00f6nelik ama ayn\u0131 zamanda bug\u00fcn\u00fcn de \u00f6nemli bili\u015fim teknolojileri konular\u0131n\u0131 de\u011ferlendiriyoruz.<\/p><p class=\"p1\"><b>Hedefimiz<br \/><\/b>Perakende ve Bili\u015fim Teknolojileri Tedarik\u00e7ilerini bir araya getirerek<br \/>&gt; Sekt\u00f6r g\u00fcndeminin ana maddeleri haline gelen projeleri ta\u015f\u0131d\u0131klar\u0131 t\u00fcm potansiyelleriyle karar vericilerin bulundu\u011fu bir ortamda, perakendeciler ve BT firmalar\u0131 olarak dile getirmek,<br \/>&gt; Network ortam\u0131n\u0131n kurulmas\u0131na olanak sa\u011flamak,<br \/>&gt; Sekt\u00f6rel sorunlar\u0131n asgari d\u00fczeye indirilmesini sa\u011flamak,<br \/>&gt; Geli\u015ftirilen projelerin hayat bulmas\u0131n\u0131 sa\u011flamak.<\/p>\t\t\t\t\t\t\t\t<\/div>\n\t\t\t\t<\/div>\n\t\t\t\t\t<\/div>\n\t\t<\/div>\n\t\t\t\t\t<\/div>\n\t\t<\/section>\n\t\t\t\t<\/div>\n\t\t","protected":false},"excerpt":{"rendered":"<p>Perakende Teknolojileri Konferans\u0131 Perakende sekt\u00f6r\u00fcn\u00fcn g\u00fcncel konular\u0131n\u0131n ve sekt\u00f6r\u00fcn yak\u0131n gelece\u011fine ili\u015fkin stratejilerin tart\u0131\u015f\u0131ld\u0131\u011f\u0131 Zincir Ma\u011fazalar Derne\u011fi Perakende Teknolojileri Konferans\u0131, Zincir Ma\u011fazalar Derne\u011fi ile Perakende ve Bili\u015fim Teknolojileri Tedarik\u00e7ilerini her y\u0131l bir araya getiriyor. Her ge\u00e7en g\u00fcn say\u0131s\u0131 ve beklentileri artan t\u00fcketicilerimiz bizlerden tam anlam\u0131yla 7\/24, kanal fark\u0131 g\u00f6zetmeksizin hizmet bekliyor. Bu \u00e7ok y\u00f6nl\u00fc kalite [&hellip;]<\/p>\n","protected":false},"author":1,"featured_media":250,"parent":0,"menu_order":0,"comment_status":"closed","ping_status":"closed","template":"","meta":{"footnotes":""},"class_list":["post-249","page","type-page","status-publish","has-post-thumbnail"],"_links":{"self":[{"href":"https:\/\/www.zincirmagazalar.org\/index.php?rest_route=\/wp\/v2\/pages\/249","targetHints":{"allow":["GET"]}}],"collection":[{"href":"https:\/\/www.zincirmagazalar.org\/index.php?rest_route=\/wp\/v2\/pages"}],"about":[{"href":"https:\/\/www.zincirmagazalar.org\/index.php?rest_route=\/wp\/v2\/types\/page"}],"author":[{"embeddable":true,"href":"https:\/\/www.zincirmagazalar.org\/index.php?rest_route=\/wp\/v2\/users\/1"}],"replies":[{"embeddable":true,"href":"https:\/\/www.zincirmagazalar.org\/index.php?rest_route=%2Fwp%2Fv2%2Fcomments&post=249"}],"version-history":[{"count":7,"href":"https:\/\/www.zincirmagazalar.org\/index.php?rest_route=\/wp\/v2\/pages\/249\/revisions"}],"predecessor-version":[{"id":2556,"href":"https:\/\/www.zincirmagazalar.org\/index.php?rest_route=\/wp\/v2\/pages\/249\/revisions\/2556"}],"wp:featuredmedia":[{"embeddable":true,"href":"https:\/\/www.zincirmagazalar.org\/index.php?rest_route=\/wp\/v2\/media\/250"}],"wp:attachment":[{"href":"https:\/\/www.zincirmagazalar.org\/index.php?rest_route=%2Fwp%2Fv2%2Fmedia&parent=249"}],"curies":[{"name":"wp","href":"https:\/\/api.w.org\/{rel}","templated":true}]}}