{"id":2485,"date":"2022-04-26T14:02:10","date_gmt":"2022-04-26T14:02:10","guid":{"rendered":"https:\/\/www.zincirmagazalar.org\/?page_id=2485"},"modified":"2022-05-16T15:11:49","modified_gmt":"2022-05-16T15:11:49","slug":"omnichannel-zirvesi-2022","status":"publish","type":"page","link":"https:\/\/www.zincirmagazalar.org\/?page_id=2485","title":{"rendered":"Omnichannel Zirvesi 2022"},"content":{"rendered":"\t\t<div data-elementor-type=\"wp-page\" data-elementor-id=\"2485\" class=\"elementor elementor-2485\">\n\t\t\t\t\t\t<section class=\"elementor-section elementor-top-section elementor-element elementor-element-87bda9c elementor-section-boxed elementor-section-height-default elementor-section-height-default\" data-id=\"87bda9c\" data-element_type=\"section\">\n\t\t\t\t\t\t<div class=\"elementor-container elementor-column-gap-default\">\n\t\t\t\t\t<div class=\"elementor-column elementor-col-100 elementor-top-column elementor-element elementor-element-fe76a72\" data-id=\"fe76a72\" data-element_type=\"column\">\n\t\t\t<div class=\"elementor-widget-wrap elementor-element-populated\">\n\t\t\t\t\t\t<div class=\"elementor-element elementor-element-0d975ae elementor-widget elementor-widget-text-editor\" data-id=\"0d975ae\" data-element_type=\"widget\" data-widget_type=\"text-editor.default\">\n\t\t\t\t<div class=\"elementor-widget-container\">\n\t\t\t\t\t\t\t\t\t<p class=\"p1\"><a href=\"https:\/\/digitalnetworkalkas.com\/event\/omnichannel-zirvesi-2022-zmd\" target=\"_blank\" rel=\"noopener\"><img fetchpriority=\"high\" decoding=\"async\" class=\"wp-image-2486 size-full aligncenter\" src=\"https:\/\/www.zincirmagazalar.org\/wp-content\/uploads\/2022\/04\/omnichanel-2022.jpg\" alt=\"\" width=\"2250\" height=\"2250\" srcset=\"https:\/\/www.zincirmagazalar.org\/wp-content\/uploads\/2022\/04\/omnichanel-2022.jpg 2250w, https:\/\/www.zincirmagazalar.org\/wp-content\/uploads\/2022\/04\/omnichanel-2022-300x300.jpg 300w, https:\/\/www.zincirmagazalar.org\/wp-content\/uploads\/2022\/04\/omnichanel-2022-1024x1024.jpg 1024w, https:\/\/www.zincirmagazalar.org\/wp-content\/uploads\/2022\/04\/omnichanel-2022-150x150.jpg 150w, https:\/\/www.zincirmagazalar.org\/wp-content\/uploads\/2022\/04\/omnichanel-2022-768x768.jpg 768w, https:\/\/www.zincirmagazalar.org\/wp-content\/uploads\/2022\/04\/omnichanel-2022-1536x1536.jpg 1536w, https:\/\/www.zincirmagazalar.org\/wp-content\/uploads\/2022\/04\/omnichanel-2022-2048x2048.jpg 2048w, https:\/\/www.zincirmagazalar.org\/wp-content\/uploads\/2022\/04\/omnichanel-2022-696x696.jpg 696w, https:\/\/www.zincirmagazalar.org\/wp-content\/uploads\/2022\/04\/omnichanel-2022-1068x1068.jpg 1068w, https:\/\/www.zincirmagazalar.org\/wp-content\/uploads\/2022\/04\/omnichanel-2022-420x420.jpg 420w\" sizes=\"(max-width: 2250px) 100vw, 2250px\" \/><\/a><\/p><p class=\"p1\"><b>ZMD Omnichannel Zirvesi 2022<\/b><\/p><p class=\"p1\"><b>Omnichannel ve e-ticaretin bug\u00fcn\u00fcn\u00fc, yar\u0131n\u0131n\u0131 farkl\u0131 y\u00f6nlerden bak\u0131\u015f a\u00e7\u0131lar\u0131yla ZMD Omnichannel Zirvesi\u2019nde ele al\u0131yoruz.<br \/><\/b><\/p><p class=\"p1\">Zincir Ma\u011fazalar Derne\u011fi Omnichannel Zirvesi, 25 May\u0131s 2022 \u00c7ar\u015famba g\u00fcn\u00fc saat 13:00\u2019te Digital Network Alka\u015f\u2019ta ger\u00e7ekle\u015ftirilecek.<\/p><p>Etkinlik ile ilgili detayl\u0131 bilgi i\u00e7in t\u0131klay\u0131n\u0131z.&gt;&gt; <a href=\"https:\/\/digitalnetworkalkas.com\/event\/omnichannel-zirvesi-2022-zmd\" target=\"_blank\" rel=\"noopener\">Omnichannel Zirvesi 2022\u00a0<\/a><\/p><p><strong>Detayl\u0131 bilgi ve kay\u0131t i\u00e7in:<\/strong><br \/><strong>Ye\u015fim Dan\u0131\u015fman:<\/strong><br \/><a href=\"mailto:yesim@alkas.com.tr\">yesim@alkas.com.tr<\/a><br \/>0212 284 86 50<\/p><p><strong>Benek Gencero\u011flu:<\/strong><br \/><a href=\"mailto:bgenceroglu@zincirmagazalar.org\">bgenceroglu@zincirmagazalar.org<\/a><br \/>0532 415 78 87<\/p>\t\t\t\t\t\t\t\t<\/div>\n\t\t\t\t<\/div>\n\t\t\t\t\t<\/div>\n\t\t<\/div>\n\t\t\t\t\t<\/div>\n\t\t<\/section>\n\t\t\t\t<\/div>\n\t\t","protected":false},"excerpt":{"rendered":"<p>ZMD Omnichannel Zirvesi 2022 Omnichannel ve e-ticaretin bug\u00fcn\u00fcn\u00fc, yar\u0131n\u0131n\u0131 farkl\u0131 y\u00f6nlerden bak\u0131\u015f a\u00e7\u0131lar\u0131yla ZMD Omnichannel Zirvesi\u2019nde ele al\u0131yoruz. Zincir Ma\u011fazalar Derne\u011fi Omnichannel Zirvesi, 25 May\u0131s 2022 \u00c7ar\u015famba g\u00fcn\u00fc saat 13:00\u2019te Digital Network Alka\u015f\u2019ta ger\u00e7ekle\u015ftirilecek. Etkinlik ile ilgili detayl\u0131 bilgi i\u00e7in t\u0131klay\u0131n\u0131z.&gt;&gt; Omnichannel Zirvesi 2022\u00a0 Detayl\u0131 bilgi ve kay\u0131t i\u00e7in:Ye\u015fim Dan\u0131\u015fman:yesim@alkas.com.tr0212 284 86 50 Benek Gencero\u011flu:bgenceroglu@zincirmagazalar.org0532 [&hellip;]<\/p>\n","protected":false},"author":2,"featured_media":2486,"parent":0,"menu_order":0,"comment_status":"closed","ping_status":"closed","template":"","meta":{"footnotes":""},"class_list":["post-2485","page","type-page","status-publish","has-post-thumbnail"],"_links":{"self":[{"href":"https:\/\/www.zincirmagazalar.org\/index.php?rest_route=\/wp\/v2\/pages\/2485","targetHints":{"allow":["GET"]}}],"collection":[{"href":"https:\/\/www.zincirmagazalar.org\/index.php?rest_route=\/wp\/v2\/pages"}],"about":[{"href":"https:\/\/www.zincirmagazalar.org\/index.php?rest_route=\/wp\/v2\/types\/page"}],"author":[{"embeddable":true,"href":"https:\/\/www.zincirmagazalar.org\/index.php?rest_route=\/wp\/v2\/users\/2"}],"replies":[{"embeddable":true,"href":"https:\/\/www.zincirmagazalar.org\/index.php?rest_route=%2Fwp%2Fv2%2Fcomments&post=2485"}],"version-history":[{"count":15,"href":"https:\/\/www.zincirmagazalar.org\/index.php?rest_route=\/wp\/v2\/pages\/2485\/revisions"}],"predecessor-version":[{"id":2515,"href":"https:\/\/www.zincirmagazalar.org\/index.php?rest_route=\/wp\/v2\/pages\/2485\/revisions\/2515"}],"wp:featuredmedia":[{"embeddable":true,"href":"https:\/\/www.zincirmagazalar.org\/index.php?rest_route=\/wp\/v2\/media\/2486"}],"wp:attachment":[{"href":"https:\/\/www.zincirmagazalar.org\/index.php?rest_route=%2Fwp%2Fv2%2Fmedia&parent=2485"}],"curies":[{"name":"wp","href":"https:\/\/api.w.org\/{rel}","templated":true}]}}