{"id":1426,"date":"2021-05-04T17:29:17","date_gmt":"2021-05-04T17:29:17","guid":{"rendered":"https:\/\/www.zincirmagazalar.org\/?page_id=1426"},"modified":"2022-04-27T07:34:11","modified_gmt":"2022-04-27T07:34:11","slug":"omnichannel-zirvesi","status":"publish","type":"page","link":"https:\/\/www.zincirmagazalar.org\/?page_id=1426","title":{"rendered":"Omnichannel Zirvesi 2021"},"content":{"rendered":"\t\t<div data-elementor-type=\"wp-page\" data-elementor-id=\"1426\" class=\"elementor elementor-1426\">\n\t\t\t\t\t\t<section class=\"elementor-section elementor-top-section elementor-element elementor-element-87bda9c elementor-section-boxed elementor-section-height-default elementor-section-height-default\" data-id=\"87bda9c\" data-element_type=\"section\">\n\t\t\t\t\t\t<div class=\"elementor-container elementor-column-gap-default\">\n\t\t\t\t\t<div class=\"elementor-column elementor-col-100 elementor-top-column elementor-element elementor-element-fe76a72\" data-id=\"fe76a72\" data-element_type=\"column\">\n\t\t\t<div class=\"elementor-widget-wrap elementor-element-populated\">\n\t\t\t\t\t\t<div class=\"elementor-element elementor-element-0d975ae elementor-widget elementor-widget-text-editor\" data-id=\"0d975ae\" data-element_type=\"widget\" data-widget_type=\"text-editor.default\">\n\t\t\t\t<div class=\"elementor-widget-container\">\n\t\t\t\t\t\t\t\t\t<p class=\"p1\"><img fetchpriority=\"high\" decoding=\"async\" class=\"alignnone wp-image-1536\" src=\"https:\/\/www.zincirmagazalar.org\/wp-content\/uploads\/2021\/05\/zmd-omnichannel-program-300x300.jpg\" alt=\"\" width=\"573\" height=\"573\" srcset=\"https:\/\/www.zincirmagazalar.org\/wp-content\/uploads\/2021\/05\/zmd-omnichannel-program-300x300.jpg 300w, https:\/\/www.zincirmagazalar.org\/wp-content\/uploads\/2021\/05\/zmd-omnichannel-program-1024x1024.jpg 1024w, https:\/\/www.zincirmagazalar.org\/wp-content\/uploads\/2021\/05\/zmd-omnichannel-program-150x150.jpg 150w, https:\/\/www.zincirmagazalar.org\/wp-content\/uploads\/2021\/05\/zmd-omnichannel-program-768x767.jpg 768w, https:\/\/www.zincirmagazalar.org\/wp-content\/uploads\/2021\/05\/zmd-omnichannel-program-696x695.jpg 696w, https:\/\/www.zincirmagazalar.org\/wp-content\/uploads\/2021\/05\/zmd-omnichannel-program-1068x1067.jpg 1068w, https:\/\/www.zincirmagazalar.org\/wp-content\/uploads\/2021\/05\/zmd-omnichannel-program-420x420.jpg 420w, https:\/\/www.zincirmagazalar.org\/wp-content\/uploads\/2021\/05\/zmd-omnichannel-program.jpg 1081w\" sizes=\"(max-width: 573px) 100vw, 573px\" \/><\/p><p class=\"p1\"><b>Omnichannel Zirvesi<\/b><\/p><p class=\"p1\"><b>Omnichannel ve e-ticaretin bug\u00fcn\u00fcn\u00fc, yar\u0131n\u0131n\u0131 farkl\u0131 y\u00f6nlerden bak\u0131\u015f a\u00e7\u0131lar\u0131yla ZMD Omnichannel Zirvesi\u2019nde ele al\u0131yoruz.<br \/><\/b><\/p><p class=\"p1\">Zincir Ma\u011fazalar Derne\u011fi Omnichannel Zirvesi, Hepsiburada\u2019n\u0131n ana sponsorlu\u011funda, 26 May\u0131s 2021 \u00c7ar\u015famba g\u00fcn\u00fc saat 14:00\u2019te Digital Network Alka\u015f\u2019ta ger\u00e7ekle\u015ftirilecek.<\/p><p><strong>OMNICHANNEL Z\u0130RVES\u0130 PROGRAMI<\/strong><br \/><strong>26 MAYIS 2021 \u00c7AR\u015eAMBA<\/strong><br \/><strong>14:00 &#8211; 16:40<\/strong><\/p><p><strong>14:00-14:25<br \/>1. B\u0130RL\u0130KTE NASIL B\u00dcY\u00dcYECE\u011e\u0130Z?<\/strong><\/p><p>G\u00f6khan \u015een \u2013 BloombergHT Genel Yay\u0131n Y\u00f6netmeni<br \/>Serhan T\u0131nastepe \u2013 Zincir Ma\u011fazalar Derne\u011fi Y\u00f6netim Kurulu Ba\u015fkan\u0131<br \/>Murat Emirda\u011f \u2013 Hepsiburada.com CEO<\/p><p><strong>14:30-14:55<\/strong><br \/><strong>2. OMNICHANNEL KURGUSUNUN GELECE\u011e\u0130NDE NELER VAR?<\/strong><\/p><p>Alp \u00d6nder \u00d6zpamuk\u00e7u \u2013 TAMPF Y\u00f6netim Kurulu Ba\u015fkan\u0131<br \/>Handan Abdurrahmano\u011flu \u2013 Ar\u00e7elik \u0130\u015f D\u00f6n\u00fc\u015f\u00fcm\u00fc ve B\u00fcy\u00fcme Grup Y\u00f6neticisi<br \/>Prof. Dr. H\u00fcseyin Alta\u015f \u2013 AYD Y\u00f6netim Kurulu Ba\u015fkan\u0131<\/p><p><strong>15:00-15:25<\/strong><br \/><strong>3. PANDEM\u0130 D\u00d6NEM\u0130NDE BA\u015eARININ SIRRI: \u0130Y\u0130 KURGULANMI\u015e KANAL Y\u00d6NET\u0130M\u0130<\/strong><\/p><p>Yenal G\u00f6ky\u0131ld\u0131r\u0131m \u2013 MediaMarkt Saturn Grup COO ve T\u00fcrkiye CEO<br \/>Murat Helvac\u0131 \u2013 Eczac\u0131ba\u015f\u0131 Yap\u0131 Gere\u00e7leri Vitra Sat\u0131\u015f Direkt\u00f6r\u00fc<\/p><p><strong>15:30-15:45<\/strong><br \/><strong>4. PERAKENDE SEKT\u00d6R\u00dcNDE \u00c7OKLU KANAL TREND\u0130: T\u00dcKET\u0130C\u0130 ARA\u015eTIRMASININ G\u00d6STERD\u0130KLER\u0130<\/strong><\/p><p>Yenal G\u00f6ky\u0131ld\u0131r\u0131m \u2013 T\u00dcS\u0130AD Perakende \u00c7al\u0131\u015fma Grubu E\u015fba\u015fkan\u0131<br \/>Dr. Ceyhun Emre Do\u011fru \u2013 CORPERA Dan\u0131\u015fmanl\u0131k Y\u00f6netici Orta\u011f\u0131<\/p><p><strong>15:45-16:10<\/strong><br \/><strong>5. T\u00dcKET\u0130C\u0130 KANALLARI NASIL ALGILIYOR?<\/strong><\/p><p>Mutlu Erturan \u2013 Hepsiburada Ticari Grup Ba\u015fkan\u0131<br \/>Hakan G\u00f6l \u2013 Deloitte T\u00fcrkiye Dan\u0131\u015fmanl\u0131k Hizmetleri Lideri<br \/>\u00d6nder O\u011fuzhan \u2013 Teknosa Teknoloji ve Pazarlama Genel M\u00fcd\u00fcr Yard\u0131mc\u0131s\u0131<\/p><p><strong>16:15-16:40<\/strong><br \/><strong>6. F\u0130Z\u0130KSEL MA\u011eAZALAR VE AVM\u2019LER YEN\u0130DEN Y\u00dcKSEL\u0130\u015eE GE\u00c7EB\u0130L\u0130RLER M\u0130?<\/strong><\/p><p>Avi Alka\u015f \u2013 Alka\u015f \/ Han Spaces Y\u00f6netim Kurulu Ba\u015fkan\u0131<br \/>Halil Erdo\u011fmu\u015f \u2013 ebebek CEO<br \/>Serdar Ersoy \u2013 Defacto COO<\/p>\t\t\t\t\t\t\t\t<\/div>\n\t\t\t\t<\/div>\n\t\t\t\t\t<\/div>\n\t\t<\/div>\n\t\t\t\t\t<\/div>\n\t\t<\/section>\n\t\t\t\t<\/div>\n\t\t","protected":false},"excerpt":{"rendered":"<p>Omnichannel Zirvesi Omnichannel ve e-ticaretin bug\u00fcn\u00fcn\u00fc, yar\u0131n\u0131n\u0131 farkl\u0131 y\u00f6nlerden bak\u0131\u015f a\u00e7\u0131lar\u0131yla ZMD Omnichannel Zirvesi\u2019nde ele al\u0131yoruz. Zincir Ma\u011fazalar Derne\u011fi Omnichannel Zirvesi, Hepsiburada\u2019n\u0131n ana sponsorlu\u011funda, 26 May\u0131s 2021 \u00c7ar\u015famba g\u00fcn\u00fc saat 14:00\u2019te Digital Network Alka\u015f\u2019ta ger\u00e7ekle\u015ftirilecek. OMNICHANNEL Z\u0130RVES\u0130 PROGRAMI 26 MAYIS 2021 \u00c7AR\u015eAMBA 14:00 &#8211; 16:40 14:00-14:25 1. B\u0130RL\u0130KTE NASIL B\u00dcY\u00dcYECE\u011e\u0130Z? G\u00f6khan \u015een \u2013 BloombergHT Genel [&hellip;]<\/p>\n","protected":false},"author":1,"featured_media":1430,"parent":0,"menu_order":0,"comment_status":"closed","ping_status":"closed","template":"","meta":{"footnotes":""},"class_list":["post-1426","page","type-page","status-publish","has-post-thumbnail"],"_links":{"self":[{"href":"https:\/\/www.zincirmagazalar.org\/index.php?rest_route=\/wp\/v2\/pages\/1426","targetHints":{"allow":["GET"]}}],"collection":[{"href":"https:\/\/www.zincirmagazalar.org\/index.php?rest_route=\/wp\/v2\/pages"}],"about":[{"href":"https:\/\/www.zincirmagazalar.org\/index.php?rest_route=\/wp\/v2\/types\/page"}],"author":[{"embeddable":true,"href":"https:\/\/www.zincirmagazalar.org\/index.php?rest_route=\/wp\/v2\/users\/1"}],"replies":[{"embeddable":true,"href":"https:\/\/www.zincirmagazalar.org\/index.php?rest_route=%2Fwp%2Fv2%2Fcomments&post=1426"}],"version-history":[{"count":59,"href":"https:\/\/www.zincirmagazalar.org\/index.php?rest_route=\/wp\/v2\/pages\/1426\/revisions"}],"predecessor-version":[{"id":2499,"href":"https:\/\/www.zincirmagazalar.org\/index.php?rest_route=\/wp\/v2\/pages\/1426\/revisions\/2499"}],"wp:featuredmedia":[{"embeddable":true,"href":"https:\/\/www.zincirmagazalar.org\/index.php?rest_route=\/wp\/v2\/media\/1430"}],"wp:attachment":[{"href":"https:\/\/www.zincirmagazalar.org\/index.php?rest_route=%2Fwp%2Fv2%2Fmedia&parent=1426"}],"curies":[{"name":"wp","href":"https:\/\/api.w.org\/{rel}","templated":true}]}}